{"id":535,"date":"2023-12-01T13:13:15","date_gmt":"2023-12-01T13:13:15","guid":{"rendered":"https:\/\/www.puertowifi.cl\/?page_id=535"},"modified":"2023-12-01T15:56:06","modified_gmt":"2023-12-01T15:56:06","slug":"instalacion-de-redes","status":"publish","type":"page","link":"https:\/\/www.puertowifi.cl\/index.php\/instalacion-de-redes\/","title":{"rendered":"Instalaci\u00f3n de Redes"},"content":{"rendered":"\t\t<div data-elementor-type=\"wp-page\" data-elementor-id=\"535\" class=\"elementor elementor-535\">\n\t\t\t\t\t\t<section class=\"elementor-section elementor-top-section elementor-element elementor-element-bed9386 elementor-section-boxed elementor-section-height-default elementor-section-height-default\" data-id=\"bed9386\" data-element_type=\"section\" data-settings=\"{&quot;background_background&quot;:&quot;classic&quot;}\">\n\t\t\t\t\t\t<div class=\"elementor-container elementor-column-gap-no\">\n\t\t\t\t\t<div class=\"elementor-column elementor-col-100 elementor-top-column elementor-element elementor-element-e4db301\" data-id=\"e4db301\" data-element_type=\"column\">\n\t\t\t<div class=\"elementor-widget-wrap elementor-element-populated\">\n\t\t\t\t\t\t<div class=\"elementor-element elementor-element-446d9a3 elementor-widget elementor-widget-heading\" data-id=\"446d9a3\" data-element_type=\"widget\" data-widget_type=\"heading.default\">\n\t\t\t\t<div class=\"elementor-widget-container\">\n\t\t\t\t\t<h1 class=\"elementor-heading-title elementor-size-default\">Instalaci\u00f3n de Redes\n<\/h1>\t\t\t\t<\/div>\n\t\t\t\t<\/div>\n\t\t\t\t<div class=\"elementor-element elementor-element-46c3adc elementor-widget elementor-widget-heading\" data-id=\"46c3adc\" data-element_type=\"widget\" data-widget_type=\"heading.default\">\n\t\t\t\t<div class=\"elementor-widget-container\">\n\t\t\t\t\t<div class=\"elementor-heading-title elementor-size-default\">Cableado estructurado de Redes\n<\/div>\t\t\t\t<\/div>\n\t\t\t\t<\/div>\n\t\t\t\t\t<\/div>\n\t\t<\/div>\n\t\t\t\t\t<\/div>\n\t\t<\/section>\n\t\t\t\t<section class=\"elementor-section elementor-top-section elementor-element elementor-element-5ebadb8 elementor-section-content-bottom elementor-section-boxed elementor-section-height-default elementor-section-height-default\" data-id=\"5ebadb8\" data-element_type=\"section\" data-settings=\"{&quot;background_background&quot;:&quot;classic&quot;}\">\n\t\t\t\t\t\t<div class=\"elementor-container elementor-column-gap-no\">\n\t\t\t\t\t<div class=\"elementor-column elementor-col-50 elementor-top-column elementor-element elementor-element-15ff8c1\" data-id=\"15ff8c1\" data-element_type=\"column\">\n\t\t\t<div class=\"elementor-widget-wrap elementor-element-populated\">\n\t\t\t\t\t\t<div class=\"elementor-element elementor-element-499d180 elementor-widget-divider--view-line elementor-widget elementor-widget-divider\" data-id=\"499d180\" data-element_type=\"widget\" data-widget_type=\"divider.default\">\n\t\t\t\t<div class=\"elementor-widget-container\">\n\t\t\t\t\t\t\t<div class=\"elementor-divider\">\n\t\t\t<span class=\"elementor-divider-separator\">\n\t\t\t\t\t\t<\/span>\n\t\t<\/div>\n\t\t\t\t\t\t<\/div>\n\t\t\t\t<\/div>\n\t\t\t\t\t<\/div>\n\t\t<\/div>\n\t\t\t\t<div class=\"elementor-column elementor-col-50 elementor-top-column elementor-element elementor-element-f733ed5 elementor-invisible\" data-id=\"f733ed5\" data-element_type=\"column\" data-settings=\"{&quot;animation&quot;:&quot;fadeInUp&quot;}\">\n\t\t\t<div class=\"elementor-widget-wrap elementor-element-populated\">\n\t\t\t\t\t\t<div class=\"elementor-element elementor-element-e8a864a elementor-widget__width-inherit elementor-widget-mobile__width-inherit elementor-widget elementor-widget-heading\" data-id=\"e8a864a\" data-element_type=\"widget\" data-widget_type=\"heading.default\">\n\t\t\t\t<div class=\"elementor-widget-container\">\n\t\t\t\t\t<h3 class=\"elementor-heading-title elementor-size-default\">Cableado estructurado de Redes\n\n<\/h3>\t\t\t\t<\/div>\n\t\t\t\t<\/div>\n\t\t\t\t<div class=\"elementor-element elementor-element-0793d03 elementor-widget__width-inherit elementor-widget-mobile__width-inherit elementor-widget elementor-widget-heading\" data-id=\"0793d03\" data-element_type=\"widget\" data-widget_type=\"heading.default\">\n\t\t\t\t<div class=\"elementor-widget-container\">\n\t\t\t\t\t<h3 class=\"elementor-heading-title elementor-size-default\">Nuestros servicios de empresas est\u00e1n orientados a desarrollar todos los \u00e1mbitos tecnol\u00f3gicos de esta. Una de las formas mas completas de hacerlo es reforzar las redes de comunicaci\u00f3n que alimentan cada uno de los terminales de trabajo.\n\n\n<\/h3>\t\t\t\t<\/div>\n\t\t\t\t<\/div>\n\t\t\t\t<div class=\"elementor-element elementor-element-87ce821 elementor-align-right elementor-widget elementor-widget-button\" data-id=\"87ce821\" data-element_type=\"widget\" data-widget_type=\"button.default\">\n\t\t\t\t<div class=\"elementor-widget-container\">\n\t\t\t\t\t\t\t\t\t<div class=\"elementor-button-wrapper\">\n\t\t\t\t\t<a class=\"elementor-button elementor-button-link elementor-size-sm\" href=\"https:\/\/www.puertowifi.cl\/index.php\/contacto\/\">\n\t\t\t\t\t\t<span class=\"elementor-button-content-wrapper\">\n\t\t\t\t\t\t<span class=\"elementor-button-icon\">\n\t\t\t\t<svg aria-hidden=\"true\" class=\"e-font-icon-svg e-fas-angle-right\" viewBox=\"0 0 256 512\" xmlns=\"http:\/\/www.w3.org\/2000\/svg\"><path d=\"M224.3 273l-136 136c-9.4 9.4-24.6 9.4-33.9 0l-22.6-22.6c-9.4-9.4-9.4-24.6 0-33.9l96.4-96.4-96.4-96.4c-9.4-9.4-9.4-24.6 0-33.9L54.3 103c9.4-9.4 24.6-9.4 33.9 0l136 136c9.5 9.4 9.5 24.6.1 34z\"><\/path><\/svg>\t\t\t<\/span>\n\t\t\t\t\t\t\t\t\t<span class=\"elementor-button-text\">Cont\u00e1ctanos<\/span>\n\t\t\t\t\t<\/span>\n\t\t\t\t\t<\/a>\n\t\t\t\t<\/div>\n\t\t\t\t\t\t\t\t<\/div>\n\t\t\t\t<\/div>\n\t\t\t\t\t<\/div>\n\t\t<\/div>\n\t\t\t\t\t<\/div>\n\t\t<\/section>\n\t\t\t\t<section class=\"elementor-section elementor-top-section elementor-element elementor-element-525187e elementor-section-boxed elementor-section-height-default elementor-section-height-default\" data-id=\"525187e\" data-element_type=\"section\">\n\t\t\t\t\t\t<div class=\"elementor-container elementor-column-gap-default\">\n\t\t\t\t\t<div class=\"elementor-column elementor-col-100 elementor-top-column elementor-element elementor-element-ad95b10\" data-id=\"ad95b10\" data-element_type=\"column\">\n\t\t\t<div class=\"elementor-widget-wrap\">\n\t\t\t\t\t\t\t<\/div>\n\t\t<\/div>\n\t\t\t\t\t<\/div>\n\t\t<\/section>\n\t\t\t\t<\/div>\n\t\t","protected":false},"excerpt":{"rendered":"<p>Instalaci\u00f3n de Redes Cableado estructurado de Redes Cableado estructurado de Redes Nuestros servicios de empresas est\u00e1n orientados a desarrollar todos los \u00e1mbitos tecnol\u00f3gicos de esta. Una de las formas mas completas de hacerlo es reforzar las redes de comunicaci\u00f3n que alimentan cada uno de los terminales de trabajo. Cont\u00e1ctanos<\/p>\n","protected":false},"author":2,"featured_media":0,"parent":0,"menu_order":0,"comment_status":"closed","ping_status":"closed","template":"","meta":{"site-sidebar-layout":"no-sidebar","site-content-layout":"page-builder","ast-site-content-layout":"full-width-container","site-content-style":"default","site-sidebar-style":"default","ast-global-header-display":"","ast-banner-title-visibility":"","ast-main-header-display":"","ast-hfb-above-header-display":"","ast-hfb-below-header-display":"","ast-hfb-mobile-header-display":"","site-post-title":"disabled","ast-breadcrumbs-content":"disabled","ast-featured-img":"disabled","footer-sml-layout":"","ast-disable-related-posts":"","theme-transparent-header-meta":"disabled","adv-header-id-meta":"","stick-header-meta":"default","header-above-stick-meta":"","header-main-stick-meta":"","header-below-stick-meta":"","astra-migrate-meta-layouts":"set","ast-page-background-enabled":"default","ast-page-background-meta":{"desktop":{"background-color":"var(--ast-global-color-4)","background-image":"","background-repeat":"repeat","background-position":"center center","background-size":"auto","background-attachment":"scroll","background-type":"","background-media":"","overlay-type":"","overlay-color":"","overlay-opacity":"","overlay-gradient":""},"tablet":{"background-color":"","background-image":"","background-repeat":"repeat","background-position":"center center","background-size":"auto","background-attachment":"scroll","background-type":"","background-media":"","overlay-type":"","overlay-color":"","overlay-opacity":"","overlay-gradient":""},"mobile":{"background-color":"","background-image":"","background-repeat":"repeat","background-position":"center center","background-size":"auto","background-attachment":"scroll","background-type":"","background-media":"","overlay-type":"","overlay-color":"","overlay-opacity":"","overlay-gradient":""}},"ast-content-background-meta":{"desktop":{"background-color":"var(--ast-global-color-5)","background-image":"","background-repeat":"repeat","background-position":"center center","background-size":"auto","background-attachment":"scroll","background-type":"","background-media":"","overlay-type":"","overlay-color":"","overlay-opacity":"","overlay-gradient":""},"tablet":{"background-color":"var(--ast-global-color-5)","background-image":"","background-repeat":"repeat","background-position":"center center","background-size":"auto","background-attachment":"scroll","background-type":"","background-media":"","overlay-type":"","overlay-color":"","overlay-opacity":"","overlay-gradient":""},"mobile":{"background-color":"var(--ast-global-color-5)","background-image":"","background-repeat":"repeat","background-position":"center center","background-size":"auto","background-attachment":"scroll","background-type":"","background-media":"","overlay-type":"","overlay-color":"","overlay-opacity":"","overlay-gradient":""}},"footnotes":""},"yoast_head":"<!-- This site is optimized with the Yoast SEO plugin v23.5 - https:\/\/yoast.com\/wordpress\/plugins\/seo\/ -->\n<title>Instalaci\u00f3n de Redes - Puerto Wifi<\/title>\n<meta name=\"robots\" content=\"index, follow, max-snippet:-1, max-image-preview:large, max-video-preview:-1\" \/>\n<link rel=\"canonical\" href=\"https:\/\/www.puertowifi.cl\/index.php\/instalacion-de-redes\/\" \/>\n<meta property=\"og:locale\" content=\"es_ES\" \/>\n<meta property=\"og:type\" content=\"article\" \/>\n<meta property=\"og:title\" content=\"Instalaci\u00f3n de Redes - Puerto Wifi\" \/>\n<meta property=\"og:description\" content=\"Instalaci\u00f3n de Redes Cableado estructurado de Redes Cableado estructurado de Redes Nuestros servicios de empresas est\u00e1n orientados a desarrollar todos los \u00e1mbitos tecnol\u00f3gicos de esta. Una de las formas mas completas de hacerlo es reforzar las redes de comunicaci\u00f3n que alimentan cada uno de los terminales de trabajo. Cont\u00e1ctanos\" \/>\n<meta property=\"og:url\" content=\"https:\/\/www.puertowifi.cl\/index.php\/instalacion-de-redes\/\" \/>\n<meta property=\"og:site_name\" content=\"Puerto Wifi\" \/>\n<meta property=\"article:modified_time\" content=\"2023-12-01T15:56:06+00:00\" \/>\n<meta property=\"og:image\" content=\"https:\/\/www.puertowifi.cl\/wp-content\/uploads\/2023\/12\/3358661327_a18ff2d386_b.jpg\" \/>\n<meta name=\"twitter:card\" content=\"summary_large_image\" \/>\n<meta name=\"twitter:label1\" content=\"Tiempo de lectura\" \/>\n\t<meta name=\"twitter:data1\" content=\"2 minutos\" \/>\n<script type=\"application\/ld+json\" class=\"yoast-schema-graph\">{\"@context\":\"https:\/\/schema.org\",\"@graph\":[{\"@type\":\"WebPage\",\"@id\":\"https:\/\/www.puertowifi.cl\/index.php\/instalacion-de-redes\/\",\"url\":\"https:\/\/www.puertowifi.cl\/index.php\/instalacion-de-redes\/\",\"name\":\"Instalaci\u00f3n de Redes - Puerto Wifi\",\"isPartOf\":{\"@id\":\"https:\/\/www.puertowifi.cl\/#website\"},\"primaryImageOfPage\":{\"@id\":\"https:\/\/www.puertowifi.cl\/index.php\/instalacion-de-redes\/#primaryimage\"},\"image\":{\"@id\":\"https:\/\/www.puertowifi.cl\/index.php\/instalacion-de-redes\/#primaryimage\"},\"thumbnailUrl\":\"https:\/\/www.puertowifi.cl\/wp-content\/uploads\/2023\/12\/3358661327_a18ff2d386_b.jpg\",\"datePublished\":\"2023-12-01T13:13:15+00:00\",\"dateModified\":\"2023-12-01T15:56:06+00:00\",\"breadcrumb\":{\"@id\":\"https:\/\/www.puertowifi.cl\/index.php\/instalacion-de-redes\/#breadcrumb\"},\"inLanguage\":\"es\",\"potentialAction\":[{\"@type\":\"ReadAction\",\"target\":[\"https:\/\/www.puertowifi.cl\/index.php\/instalacion-de-redes\/\"]}]},{\"@type\":\"ImageObject\",\"inLanguage\":\"es\",\"@id\":\"https:\/\/www.puertowifi.cl\/index.php\/instalacion-de-redes\/#primaryimage\",\"url\":\"https:\/\/www.puertowifi.cl\/wp-content\/uploads\/2023\/12\/3358661327_a18ff2d386_b.jpg\",\"contentUrl\":\"https:\/\/www.puertowifi.cl\/wp-content\/uploads\/2023\/12\/3358661327_a18ff2d386_b.jpg\"},{\"@type\":\"BreadcrumbList\",\"@id\":\"https:\/\/www.puertowifi.cl\/index.php\/instalacion-de-redes\/#breadcrumb\",\"itemListElement\":[{\"@type\":\"ListItem\",\"position\":1,\"name\":\"Portada\",\"item\":\"https:\/\/www.puertowifi.cl\/\"},{\"@type\":\"ListItem\",\"position\":2,\"name\":\"Instalaci\u00f3n de Redes\"}]},{\"@type\":\"WebSite\",\"@id\":\"https:\/\/www.puertowifi.cl\/#website\",\"url\":\"https:\/\/www.puertowifi.cl\/\",\"name\":\"Puerto Wifi\",\"description\":\"Internet de Alta Velocidad\",\"publisher\":{\"@id\":\"https:\/\/www.puertowifi.cl\/#organization\"},\"potentialAction\":[{\"@type\":\"SearchAction\",\"target\":{\"@type\":\"EntryPoint\",\"urlTemplate\":\"https:\/\/www.puertowifi.cl\/?s={search_term_string}\"},\"query-input\":{\"@type\":\"PropertyValueSpecification\",\"valueRequired\":true,\"valueName\":\"search_term_string\"}}],\"inLanguage\":\"es\"},{\"@type\":\"Organization\",\"@id\":\"https:\/\/www.puertowifi.cl\/#organization\",\"name\":\"Puerto Wifi\",\"url\":\"https:\/\/www.puertowifi.cl\/\",\"logo\":{\"@type\":\"ImageObject\",\"inLanguage\":\"es\",\"@id\":\"https:\/\/www.puertowifi.cl\/#\/schema\/logo\/image\/\",\"url\":\"https:\/\/www.puertowifi.cl\/wp-content\/uploads\/2023\/12\/cropped-PUERTO.png\",\"contentUrl\":\"https:\/\/www.puertowifi.cl\/wp-content\/uploads\/2023\/12\/cropped-PUERTO.png\",\"width\":1918,\"height\":728,\"caption\":\"Puerto Wifi\"},\"image\":{\"@id\":\"https:\/\/www.puertowifi.cl\/#\/schema\/logo\/image\/\"}}]}<\/script>\n<!-- \/ Yoast SEO plugin. -->","yoast_head_json":{"title":"Instalaci\u00f3n de Redes - Puerto Wifi","robots":{"index":"index","follow":"follow","max-snippet":"max-snippet:-1","max-image-preview":"max-image-preview:large","max-video-preview":"max-video-preview:-1"},"canonical":"https:\/\/www.puertowifi.cl\/index.php\/instalacion-de-redes\/","og_locale":"es_ES","og_type":"article","og_title":"Instalaci\u00f3n de Redes - Puerto Wifi","og_description":"Instalaci\u00f3n de Redes Cableado estructurado de Redes Cableado estructurado de Redes Nuestros servicios de empresas est\u00e1n orientados a desarrollar todos los \u00e1mbitos tecnol\u00f3gicos de esta. Una de las formas mas completas de hacerlo es reforzar las redes de comunicaci\u00f3n que alimentan cada uno de los terminales de trabajo. Cont\u00e1ctanos","og_url":"https:\/\/www.puertowifi.cl\/index.php\/instalacion-de-redes\/","og_site_name":"Puerto Wifi","article_modified_time":"2023-12-01T15:56:06+00:00","og_image":[{"url":"https:\/\/www.puertowifi.cl\/wp-content\/uploads\/2023\/12\/3358661327_a18ff2d386_b.jpg"}],"twitter_card":"summary_large_image","twitter_misc":{"Tiempo de lectura":"2 minutos"},"schema":{"@context":"https:\/\/schema.org","@graph":[{"@type":"WebPage","@id":"https:\/\/www.puertowifi.cl\/index.php\/instalacion-de-redes\/","url":"https:\/\/www.puertowifi.cl\/index.php\/instalacion-de-redes\/","name":"Instalaci\u00f3n de Redes - Puerto Wifi","isPartOf":{"@id":"https:\/\/www.puertowifi.cl\/#website"},"primaryImageOfPage":{"@id":"https:\/\/www.puertowifi.cl\/index.php\/instalacion-de-redes\/#primaryimage"},"image":{"@id":"https:\/\/www.puertowifi.cl\/index.php\/instalacion-de-redes\/#primaryimage"},"thumbnailUrl":"https:\/\/www.puertowifi.cl\/wp-content\/uploads\/2023\/12\/3358661327_a18ff2d386_b.jpg","datePublished":"2023-12-01T13:13:15+00:00","dateModified":"2023-12-01T15:56:06+00:00","breadcrumb":{"@id":"https:\/\/www.puertowifi.cl\/index.php\/instalacion-de-redes\/#breadcrumb"},"inLanguage":"es","potentialAction":[{"@type":"ReadAction","target":["https:\/\/www.puertowifi.cl\/index.php\/instalacion-de-redes\/"]}]},{"@type":"ImageObject","inLanguage":"es","@id":"https:\/\/www.puertowifi.cl\/index.php\/instalacion-de-redes\/#primaryimage","url":"https:\/\/www.puertowifi.cl\/wp-content\/uploads\/2023\/12\/3358661327_a18ff2d386_b.jpg","contentUrl":"https:\/\/www.puertowifi.cl\/wp-content\/uploads\/2023\/12\/3358661327_a18ff2d386_b.jpg"},{"@type":"BreadcrumbList","@id":"https:\/\/www.puertowifi.cl\/index.php\/instalacion-de-redes\/#breadcrumb","itemListElement":[{"@type":"ListItem","position":1,"name":"Portada","item":"https:\/\/www.puertowifi.cl\/"},{"@type":"ListItem","position":2,"name":"Instalaci\u00f3n de Redes"}]},{"@type":"WebSite","@id":"https:\/\/www.puertowifi.cl\/#website","url":"https:\/\/www.puertowifi.cl\/","name":"Puerto Wifi","description":"Internet de Alta Velocidad","publisher":{"@id":"https:\/\/www.puertowifi.cl\/#organization"},"potentialAction":[{"@type":"SearchAction","target":{"@type":"EntryPoint","urlTemplate":"https:\/\/www.puertowifi.cl\/?s={search_term_string}"},"query-input":{"@type":"PropertyValueSpecification","valueRequired":true,"valueName":"search_term_string"}}],"inLanguage":"es"},{"@type":"Organization","@id":"https:\/\/www.puertowifi.cl\/#organization","name":"Puerto Wifi","url":"https:\/\/www.puertowifi.cl\/","logo":{"@type":"ImageObject","inLanguage":"es","@id":"https:\/\/www.puertowifi.cl\/#\/schema\/logo\/image\/","url":"https:\/\/www.puertowifi.cl\/wp-content\/uploads\/2023\/12\/cropped-PUERTO.png","contentUrl":"https:\/\/www.puertowifi.cl\/wp-content\/uploads\/2023\/12\/cropped-PUERTO.png","width":1918,"height":728,"caption":"Puerto Wifi"},"image":{"@id":"https:\/\/www.puertowifi.cl\/#\/schema\/logo\/image\/"}}]}},"_links":{"self":[{"href":"https:\/\/www.puertowifi.cl\/index.php\/wp-json\/wp\/v2\/pages\/535"}],"collection":[{"href":"https:\/\/www.puertowifi.cl\/index.php\/wp-json\/wp\/v2\/pages"}],"about":[{"href":"https:\/\/www.puertowifi.cl\/index.php\/wp-json\/wp\/v2\/types\/page"}],"author":[{"embeddable":true,"href":"https:\/\/www.puertowifi.cl\/index.php\/wp-json\/wp\/v2\/users\/2"}],"replies":[{"embeddable":true,"href":"https:\/\/www.puertowifi.cl\/index.php\/wp-json\/wp\/v2\/comments?post=535"}],"version-history":[{"count":19,"href":"https:\/\/www.puertowifi.cl\/index.php\/wp-json\/wp\/v2\/pages\/535\/revisions"}],"predecessor-version":[{"id":671,"href":"https:\/\/www.puertowifi.cl\/index.php\/wp-json\/wp\/v2\/pages\/535\/revisions\/671"}],"wp:attachment":[{"href":"https:\/\/www.puertowifi.cl\/index.php\/wp-json\/wp\/v2\/media?parent=535"}],"curies":[{"name":"wp","href":"https:\/\/api.w.org\/{rel}","templated":true}]}}